	{"id":7155,"date":"2022-09-17T11:20:19","date_gmt":"2022-09-17T11:20:19","guid":{"rendered":"http:\/\/www.test.skygloballtd.com\/?page_id=7155"},"modified":"2022-10-23T17:02:40","modified_gmt":"2022-10-23T17:02:40","slug":"insan-kaynaklari","status":"publish","type":"page","link":"https:\/\/skygloballtd.com\/tr\/insan-kaynaklari\/","title":{"rendered":"\u0130nsan Kaynaklar\u0131"},"content":{"rendered":"\t\t<div data-elementor-type=\"wp-page\" data-elementor-id=\"7155\" class=\"elementor elementor-7155\">\n\t\t\t\t\t\t<div class=\" elementor-section elementor-top-section elementor-element elementor-element-611871b elementor-section-full_width elementor-section-height-default elementor-section-height-default\" data-id=\"611871b\" data-element_type=\"section\" data-e-type=\"section\">\n\t\t\t\t\t\t<div class=\"elementor-container elementor-column-gap-default\">\n\t\t\t\t\t<div class=\"elementor-column elementor-col-100 elementor-top-column elementor-element elementor-element-92d8569\" data-id=\"92d8569\" data-element_type=\"column\" data-e-type=\"column\">\n\t\t\t<div class=\"elementor-widget-wrap elementor-element-populated\">\n\t\t\t\t\t\t<div class=\"elementor-element elementor-element-0069e3e elementor-widget elementor-widget-rodio_hero_slider_1\" data-id=\"0069e3e\" data-element_type=\"widget\" data-e-type=\"widget\" data-widget_type=\"rodio_hero_slider_1.default\">\n\t\t\t\t<div class=\"elementor-widget-container\">\n\t\t\t\t\t    <div class=\"hs1\" id=\"hs1-0069e3e843\">\r\n        <!-- slider - start -->\r\n            <div class=\"slider slider-0069e3e458 hs1-content\">\r\n        <div class=\"hs1-content-wrapper\">\r\n            <div class=\"swiper-container\">\r\n                <div class=\"swiper-wrapper\">\r\n\r\n                    <!-- slides - start -->\r\n                                        <div class=\"swiper-slide\">\r\n                        <div class=\"content elementor-repeater-item-247e73e\">\r\n                            <div class=\"hs1-bg\">\r\n                                <img decoding=\"async\" src=\"https:\/\/skygloballtd.com\/wp-content\/uploads\/2022\/09\/about.jpg\" title=\"\" alt=\"\" loading=\"lazy\" \/>                            <\/div>\r\n                            <div class=\"container\">\r\n                                <div class=\"row\">\r\n                                    <div class=\"col-lg-12\">\r\n\r\n                                        <div class=\"content-slide\">\r\n                                                                                            <div class=\"content-slide-inner template\">\r\n                                                                                                    <\/div>\r\n                                                                                    <\/div>\r\n\r\n                                    <\/div>\r\n                                <\/div>\r\n                            <\/div>\r\n                        <\/div>\r\n\r\n                    <\/div>\r\n                                        <!-- slides - end -->\r\n                    \r\n                <\/div>\r\n            <\/div>\r\n                    <\/div>\r\n    <\/div>\r\n        <script>\r\n        'use strict';\r\n\r\n        let el_0069e3e458 = document.querySelector('.slider-0069e3e458 .swiper-container');\r\n\r\n        \/\/ options\r\n        let options_0069e3e458 = {\"loop\":false,\"speed\":2000,\"slidesPerView\":1,\"spaceBetween\":0,\"resizeObserver\":true,\"initialSlide\":0}\r\n        \/\/ slider init\r\n        el_0069e3e458.swiper = new Swiper(\r\n            '.slider-0069e3e458 .swiper-container',\r\n            options_0069e3e458        )\r\n\r\n    <\/script>\r\n        <!-- slider - end -->\r\n    <\/div>\r\n    \t\t\t\t<\/div>\n\t\t\t\t<\/div>\n\t\t\t\t\t<\/div>\n\t\t<\/div>\n\t\t\t\t\t<\/div>\n\t\t<\/div>\n\t\t\t\t<section class=\" elementor-section elementor-top-section elementor-element elementor-element-72520446 elementor-section-content-middle elementor-section-boxed elementor-section-height-default elementor-section-height-default\" data-id=\"72520446\" data-element_type=\"section\" data-e-type=\"section\">\n\t\t\t\t\t\t\t<div class=\"elementor-background-overlay\"><\/div>\n\t\t\t\t\t\t\t<div class=\"elementor-container elementor-column-gap-no\">\n\t\t\t\t\t<div class=\"elementor-column elementor-col-100 elementor-top-column elementor-element elementor-element-4e5f1016\" data-id=\"4e5f1016\" data-element_type=\"column\" data-e-type=\"column\">\n\t\t\t<div class=\"elementor-widget-wrap elementor-element-populated\">\n\t\t\t\t\t\t<div class=\"elementor-element elementor-element-39216f3e elementor-widget elementor-widget-icon-box\" data-id=\"39216f3e\" data-element_type=\"widget\" data-e-type=\"widget\" data-widget_type=\"icon-box.default\">\n\t\t\t\t<div class=\"elementor-widget-container\">\n\t\t\t\t\t\t\t<div class=\"elementor-icon-box-wrapper\">\n\n\t\t\t\n\t\t\t\t\t\t<div class=\"elementor-icon-box-content\">\n\n\t\t\t\t\t\t\t\t\t<h4 class=\"elementor-icon-box-title\">\n\t\t\t\t\t\t<span  >\n\t\t\t\t\t\t\tSKY GLOBAL\t\t\t\t\t\t<\/span>\n\t\t\t\t\t<\/h4>\n\t\t\t\t\n\t\t\t\t\t\t\t\t\t<p class=\"elementor-icon-box-description\">\n\t\t\t\t\t\t\u0130NSAN KAYNAKLARI<br>POL\u0130T\u0130KALARIMIZ\t\t\t\t\t<\/p>\n\t\t\t\t\n\t\t\t<\/div>\n\t\t\t\n\t\t<\/div>\n\t\t\t\t\t\t<\/div>\n\t\t\t\t<\/div>\n\t\t\t\t<div class=\"elementor-element elementor-element-5e29c385 elementor-widget elementor-widget-text-editor\" data-id=\"5e29c385\" data-element_type=\"widget\" data-e-type=\"widget\" data-widget_type=\"text-editor.default\">\n\t\t\t\t<div class=\"elementor-widget-container\">\n\t\t\t\t\t\t\t\t\t<p>En b\u00fcy\u00fck sermayemiz insan kayna\u011f\u0131m\u0131zd\u0131r. Sky Global Grubu hedeflerini, sahip oldu\u011fu insan kaynaklar\u0131ndan ald\u0131\u011f\u0131 g\u00fc\u00e7le ger\u00e7ekle\u015ftirir. Kar\u015f\u0131l\u0131kl\u0131 g\u00fcven ve sayg\u0131n\u0131n hakim oldu\u011fu, kat\u0131l\u0131m\u0131n, \u00e7e\u015fitlili\u011fin ve \u00e7ok seslili\u011fin desteklendi\u011fi anlay\u0131\u015fla yoluna devam etmektedir. \u015eirketin k\u00fclt\u00fcr\u00fcne uygun nitelikli insan kayna\u011f\u0131n\u0131 b\u00fcnyeye katmak, \u00e7al\u0131\u015fanlar\u0131n s\u00fcrekli geli\u015fim ve motivasyonunu sa\u011flamak ana hedeflerimizden biridir.<\/p>\n<p>Farkl\u0131 sekt\u00f6rlerde ve farkl\u0131 disiplinlerde \u015firketlerden olu\u015fan \u015firketin insan kaynaklar\u0131 politikalar\u0131, \u015firketlerin \u00f6zel ko\u015fullar\u0131na ve ihtiya\u00e7lar\u0131na y\u00f6nelik esnek bir yap\u0131da olu\u015fturulur. Sky Global Grubu, farkl\u0131 bak\u0131\u015f a\u00e7\u0131lar\u0131n\u0131n ve bilgi birikimlerinin harmanlanmas\u0131 yolu ile yeni ve yarat\u0131c\u0131 f\u0131rsatlar yakalanabilece\u011fine inanmaktad\u0131r.<\/p>\n<p>Bu do\u011frultuda \u0130nsan Kaynaklar\u0131 Politikam\u0131z;<\/p>\n<ul>\n<li>Do\u011fru i\u015fe do\u011fru insan istihdam etmektir.<\/li>\n<li>Bilginin payla\u015f\u0131m\u0131 esast\u0131r. Her kademedeki y\u00f6netici, kadrolar\u0131ndaki personeli yeti\u015ftirmekle y\u00fck\u00fcml\u00fcd\u00fcrler.<\/li>\n<li>Organizasyondaki t\u00fcm g\u00f6revlerin en iyi \u015fekilde yap\u0131lmas\u0131n\u0131 sa\u011flamak amac\u0131yla, her g\u00f6revin kesin ve a\u00e7\u0131k tan\u0131m\u0131 yap\u0131l\u0131r. Bu g\u00f6revi yerine getirecek personelde bulunmas\u0131 gereken yetkinlik ve nitelikler tespit edilir.<\/li>\n<li>T\u00fcm g\u00f6rev kademelerindeki \u00e7al\u0131\u015fanlar\u0131n, g\u00f6revlerini yaparken sahip olacaklar\u0131 yetki ve y\u00fcklenecekleri sorumluluklar\u0131n s\u0131n\u0131rlar\u0131 a\u00e7\u0131k olarak belirlenir.<\/li>\n<li>Her kademedeki y\u00f6neticiden, b\u00f6l\u00fcmlerindeki personel ile aralar\u0131nda sevgi, sayg\u0131 ve g\u00fcvene dayal\u0131 bir i\u015f ortam\u0131 yaratmalar\u0131 istenir.<\/li>\n<li>\u015eirket i\u00e7inde bo\u015falan kadrolar\u0131n, grup i\u00e7inden yeti\u015fmi\u015f personelle doldurulmas\u0131 esas prensip olarak kabul edilir.<\/li>\n<li>Personel; e\u011fitimi, bilgisi, tecr\u00fcbe ve yetenekleri \u00f6l\u00e7\u00fcs\u00fcnde, grubun t\u00fcm imkanlar\u0131ndan adil ve objektif \u00f6l\u00e7\u00fclere g\u00f6re yararland\u0131r\u0131l\u0131r.<\/li>\n<li>\u015eirketteki t\u00fcm personel \u00e7al\u0131\u015fma saatleri i\u00e7inde g\u00f6revlerini bitirmekle y\u00fck\u00fcml\u00fc olup, fazla \u00e7al\u0131\u015fmaya ar\u0131zi ve zorunlu hallerde ba\u015fvurmak genel prensibimizdir.<\/li>\n<li>Kurum i\u00e7i ileti\u015fime , i\u015flerde h\u0131zl\u0131l\u0131k ve verimlili\u011fi sa\u011flayan fonksiyon olarak gereken \u00f6nem verilir.<\/li>\n<li>Farkl\u0131 bak\u0131\u015f a\u00e7\u0131lar\u0131n\u0131n ve bilgi birikimlerinin harmanlanmas\u0131 ile yeni yarat\u0131c\u0131 fikirler \/ f\u0131rsatlar yakalanabilece\u011fine olan inan\u00e7la, t\u00fcm \u00e7al\u0131\u015fanlardan gelen \u00f6neri, g\u00f6r\u00fc\u015f ve fikirler dikkatli bir \u015fekilde izlenir ve de\u011ferlendirilir.<\/li>\n<li>Yap\u0131lan i\u015flerde verimlili\u011fi ve motivasyonu art\u0131r\u0131c\u0131 bir fakt\u00f6r olarak, e\u011fitimin her kademedeki personel i\u00e7in gerekli ve yararl\u0131 oldu\u011funa inan\u0131l\u0131r.<\/li>\n<\/ul>\t\t\t\t\t\t\t\t<\/div>\n\t\t\t\t<\/div>\n\t\t\t\t\t<\/div>\n\t\t<\/div>\n\t\t\t\t\t<\/div>\n\t\t<\/section>\n\t\t\t\t<\/div>\n\t\t","protected":false},"excerpt":{"rendered":"<p>SKY GLOBAL \u0130NSAN KAYNAKLARIPOL\u0130T\u0130KALARIMIZ En b\u00fcy\u00fck sermayemiz insan kayna\u011f\u0131m\u0131zd\u0131r. Sky Global Grubu hedeflerini, sahip oldu\u011fu insan kaynaklar\u0131ndan ald\u0131\u011f\u0131 g\u00fc\u00e7le ger\u00e7ekle\u015ftirir. Kar\u015f\u0131l\u0131kl\u0131 g\u00fcven ve sayg\u0131n\u0131n hakim oldu\u011fu, kat\u0131l\u0131m\u0131n, \u00e7e\u015fitlili\u011fin ve \u00e7ok seslili\u011fin desteklendi\u011fi anlay\u0131\u015fla yoluna devam etmektedir. \u015eirketin k\u00fclt\u00fcr\u00fcne uygun nitelikli insan kayna\u011f\u0131n\u0131 b\u00fcnyeye katmak, \u00e7al\u0131\u015fanlar\u0131n s\u00fcrekli geli\u015fim ve motivasyonunu sa\u011flamak ana hedeflerimizden biridir. Farkl\u0131 sekt\u00f6rlerde [&hellip;]<\/p>\n","protected":false},"author":1,"featured_media":0,"parent":0,"menu_order":0,"comment_status":"closed","ping_status":"closed","template":"","meta":{"_monsterinsights_skip_tracking":false,"_monsterinsights_sitenote_active":false,"_monsterinsights_sitenote_note":"","_monsterinsights_sitenote_category":0,"footnotes":""},"class_list":["post-7155","page","type-page","status-publish","hentry"],"acf":[],"aioseo_notices":[],"_links":{"self":[{"href":"https:\/\/skygloballtd.com\/tr\/wp-json\/wp\/v2\/pages\/7155","targetHints":{"allow":["GET"]}}],"collection":[{"href":"https:\/\/skygloballtd.com\/tr\/wp-json\/wp\/v2\/pages"}],"about":[{"href":"https:\/\/skygloballtd.com\/tr\/wp-json\/wp\/v2\/types\/page"}],"author":[{"embeddable":true,"href":"https:\/\/skygloballtd.com\/tr\/wp-json\/wp\/v2\/users\/1"}],"replies":[{"embeddable":true,"href":"https:\/\/skygloballtd.com\/tr\/wp-json\/wp\/v2\/comments?post=7155"}],"version-history":[{"count":52,"href":"https:\/\/skygloballtd.com\/tr\/wp-json\/wp\/v2\/pages\/7155\/revisions"}],"predecessor-version":[{"id":9225,"href":"https:\/\/skygloballtd.com\/tr\/wp-json\/wp\/v2\/pages\/7155\/revisions\/9225"}],"wp:attachment":[{"href":"https:\/\/skygloballtd.com\/tr\/wp-json\/wp\/v2\/media?parent=7155"}],"curies":[{"name":"wp","href":"https:\/\/api.w.org\/{rel}","templated":true}]}}