	{"id":7148,"date":"2022-09-17T11:12:49","date_gmt":"2022-09-17T11:12:49","guid":{"rendered":"http:\/\/www.test.skygloballtd.com\/?page_id=7148"},"modified":"2022-11-12T10:53:14","modified_gmt":"2022-11-12T10:53:14","slug":"kurumsal","status":"publish","type":"page","link":"https:\/\/skygloballtd.com\/tr\/kurumsal\/","title":{"rendered":"Hakk\u0131m\u0131zda"},"content":{"rendered":"\t\t<div data-elementor-type=\"wp-page\" data-elementor-id=\"7148\" class=\"elementor elementor-7148\">\n\t\t\t\t\t\t<section class=\" elementor-section elementor-top-section elementor-element elementor-element-8e77f13 elementor-section-boxed elementor-section-height-default elementor-section-height-default\" data-id=\"8e77f13\" data-element_type=\"section\" data-e-type=\"section\">\n\t\t\t\t\t\t<div class=\"elementor-container elementor-column-gap-default\">\n\t\t\t\t\t<div class=\"elementor-column elementor-col-100 elementor-top-column elementor-element elementor-element-2cb5b60\" data-id=\"2cb5b60\" data-element_type=\"column\" data-e-type=\"column\">\n\t\t\t<div class=\"elementor-widget-wrap elementor-element-populated\">\n\t\t\t\t\t\t<div class=\"elementor-element elementor-element-0480541 elementor-hidden-desktop elementor-widget elementor-widget-spacer\" data-id=\"0480541\" data-element_type=\"widget\" data-e-type=\"widget\" data-widget_type=\"spacer.default\">\n\t\t\t\t<div class=\"elementor-widget-container\">\n\t\t\t\t\t\t\t<div class=\"elementor-spacer\">\n\t\t\t<div class=\"elementor-spacer-inner\"><\/div>\n\t\t<\/div>\n\t\t\t\t\t\t<\/div>\n\t\t\t\t<\/div>\n\t\t\t\t\t<\/div>\n\t\t<\/div>\n\t\t\t\t\t<\/div>\n\t\t<\/section>\n\t\t\t\t<section class=\" elementor-section elementor-top-section elementor-element elementor-element-3a106f19 elementor-section-boxed elementor-section-height-default elementor-section-height-default\" data-id=\"3a106f19\" data-element_type=\"section\" data-e-type=\"section\">\n\t\t\t\t\t\t<div class=\"elementor-container elementor-column-gap-default\">\n\t\t\t\t\t<div class=\"elementor-column elementor-col-100 elementor-top-column elementor-element elementor-element-80d4e1f\" data-id=\"80d4e1f\" data-element_type=\"column\" data-e-type=\"column\">\n\t\t\t<div class=\"elementor-widget-wrap elementor-element-populated\">\n\t\t\t\t\t\t<div class=\"elementor-element elementor-element-46d89d1e elementor-widget elementor-widget-heading\" data-id=\"46d89d1e\" data-element_type=\"widget\" data-e-type=\"widget\" data-widget_type=\"heading.default\">\n\t\t\t\t<div class=\"elementor-widget-container\">\n\t\t\t\t\t<h4 class=\"elementor-heading-title elementor-size-default\">sky Global Group<\/h4>\t\t\t\t<\/div>\n\t\t\t\t<\/div>\n\t\t\t\t<div class=\"elementor-element elementor-element-7e3fc633 elementor-widget elementor-widget-heading\" data-id=\"7e3fc633\" data-element_type=\"widget\" data-e-type=\"widget\" data-widget_type=\"heading.default\">\n\t\t\t\t<div class=\"elementor-widget-container\">\n\t\t\t\t\t<h2 class=\"elementor-heading-title elementor-size-default\">KURUMSAL<\/h2>\t\t\t\t<\/div>\n\t\t\t\t<\/div>\n\t\t\t\t\t<\/div>\n\t\t<\/div>\n\t\t\t\t\t<\/div>\n\t\t<\/section>\n\t\t\t\t<section class=\" elementor-section elementor-top-section elementor-element elementor-element-5386d338 elementor-section-boxed elementor-section-height-default elementor-section-height-default\" data-id=\"5386d338\" data-element_type=\"section\" data-e-type=\"section\">\n\t\t\t\t\t\t<div class=\"elementor-container elementor-column-gap-default\">\n\t\t\t\t\t<div class=\"elementor-column elementor-col-50 elementor-top-column elementor-element elementor-element-7d5092ce\" data-id=\"7d5092ce\" data-element_type=\"column\" data-e-type=\"column\">\n\t\t\t<div class=\"elementor-widget-wrap elementor-element-populated\">\n\t\t\t\t\t\t<div class=\"elementor-element elementor-element-3cad6a39 elementor-widget elementor-widget-image\" data-id=\"3cad6a39\" data-element_type=\"widget\" data-e-type=\"widget\" data-widget_type=\"image.default\">\n\t\t\t\t<div class=\"elementor-widget-container\">\n\t\t\t\t\t\t\t\t\t\t\t\t\t\t\t<img fetchpriority=\"high\" decoding=\"async\" width=\"640\" height=\"741\" src=\"https:\/\/skygloballtd.com\/wp-content\/uploads\/2022\/09\/metinkarakus-884x1024.jpg\" class=\"attachment-large size-large wp-image-7654\" alt=\"\" srcset=\"https:\/\/skygloballtd.com\/wp-content\/uploads\/2022\/09\/metinkarakus-884x1024.jpg 884w, https:\/\/skygloballtd.com\/wp-content\/uploads\/2022\/09\/metinkarakus-259x300.jpg 259w, https:\/\/skygloballtd.com\/wp-content\/uploads\/2022\/09\/metinkarakus-768x890.jpg 768w, https:\/\/skygloballtd.com\/wp-content\/uploads\/2022\/09\/metinkarakus.jpg 1015w\" sizes=\"(max-width: 640px) 100vw, 640px\" \/>\t\t\t\t\t\t\t\t\t\t\t\t\t\t\t<\/div>\n\t\t\t\t<\/div>\n\t\t\t\t<div class=\"elementor-element elementor-element-20922453 elementor-widget elementor-widget-text-editor\" data-id=\"20922453\" data-element_type=\"widget\" data-e-type=\"widget\" data-widget_type=\"text-editor.default\">\n\t\t\t\t<div class=\"elementor-widget-container\">\n\t\t\t\t\t\t\t\t\t<p style=\"text-align: center;\"><strong>Ba\u015fkan<\/strong><\/p><p style=\"text-align: center;\"><strong>Metin Karaku\u015f<\/strong><\/p><p style=\"text-align: center;\"><strong>\u00a0<\/strong><\/p><p style=\"text-align: center;\"><strong><img decoding=\"async\" class=\"alignnone size-full wp-image-7491\" src=\"https:\/\/skygloballtd.com\/wp-content\/uploads\/2022\/09\/signature.svg\" alt=\"\" width=\"213\" height=\"67\" \/><\/strong><\/p><p style=\"text-align: center;\"><strong>\u00a0<\/strong><\/p>\t\t\t\t\t\t\t\t<\/div>\n\t\t\t\t<\/div>\n\t\t\t\t\t<\/div>\n\t\t<\/div>\n\t\t\t\t<div class=\"elementor-column elementor-col-50 elementor-top-column elementor-element elementor-element-1d1a474a\" data-id=\"1d1a474a\" data-element_type=\"column\" data-e-type=\"column\">\n\t\t\t<div class=\"elementor-widget-wrap elementor-element-populated\">\n\t\t\t\t\t\t<div class=\"elementor-element elementor-element-36912ee8 elementor-widget elementor-widget-text-editor\" data-id=\"36912ee8\" data-element_type=\"widget\" data-e-type=\"widget\" data-widget_type=\"text-editor.default\">\n\t\t\t\t<div class=\"elementor-widget-container\">\n\t\t\t\t\t\t\t\t\t<p>Sky Global Grup olarak;<\/p>\n<p>Uluslararas\u0131 kalk\u0131nma i\u015f birli\u011fi faaliyetleri \u00e7er\u00e7evesinde \u00fclkelerin ekonomik, sosyal ve insani kalk\u0131nma s\u00fcre\u00e7lerini destekleyici, ortak ve k\u00fclt\u00fcrel miras\u0131m\u0131z\u0131 gelece\u011fe ta\u015f\u0131yacak s\u00fcrd\u00fcr\u00fclebilir proje faaliyetleri \u00fczerinde \u00e7al\u0131\u015fmaya, \u00fcretmeye, istihdam sa\u011flamaya devam ediyoruz ve temel prensiplerimize sad\u0131k kalarak kendimizi s\u00fcrekli geli\u015ftiriyoruz.<\/p>\n<p>1995 y\u0131l\u0131ndan g\u00fcn\u00fcm\u00fcze kadar, \u00fcst\u00fcn i\u015f ahlak\u0131 ve d\u00fcr\u00fcst \u00e7al\u0131\u015fma ilkelerimizle sahip oldu\u011fumuz de\u011ferleri koruyarak, faaliyet g\u00f6sterdi\u011fimiz t\u00fcm alanlarda bir d\u00fcnya markas\u0131 olma hedefiyle hareket ettik.&nbsp;<\/p>\n<p>Sky Global Grup olarak de\u011fi\u015fime \u00f6nem veriyoruz \u00e7\u00fcnk\u00fc sadece de\u011fi\u015fime ayak uyduranlar gelece\u011fe emin ad\u0131mlarla y\u00fcr\u00fcyebilecektir. Temel prensiplerimize sad\u0131k kalarak her zaman daha iyisini yapmaya \u00e7al\u0131\u015f\u0131yoruz ve&nbsp;<span style=\"letter-spacing: -0.1px;\">bu do\u011frultuda Ar-Ge \u00e7al\u0131\u015fmalar\u0131na ayr\u0131 bir de\u011fer veriyoruz.<\/span><\/p>\n<p>Motivasyonumuzu, D\u00fcnya ekonomisine sa\u011flad\u0131\u011f\u0131m\u0131z katk\u0131y\u0131 artt\u0131rmak ve \u00e7al\u0131\u015fanlar\u0131m\u0131za daha \u00e7ok de\u011fer katma bilincinden al\u0131yoruz.<\/p>\n<p><span style=\"letter-spacing: -0.1px;\">Kazand\u0131klar\u0131m\u0131z\u0131 yat\u0131r\u0131ma ve sosyal projelere d\u00f6n\u00fc\u015ft\u00fcrerek ya\u015fad\u0131\u011f\u0131m\u0131z d\u00fcnyaya ve insanl\u0131\u011fa kar\u015f\u0131 olan sorumluklar\u0131m\u0131z\u0131 yerine getiriyoruz.<\/span><\/p>\n<p>Faaliyet g\u00f6sterdi\u011fimiz her alanda; yal\u0131n, y\u00fcksek teknolojiye dayal\u0131, yenili\u011fe ve geli\u015fmeye a\u00e7\u0131k, \u00e7evreye duyarl\u0131, s\u00fcrd\u00fcr\u00fclebilir i\u015f yapma prensibini kendimize misyon edindik.<\/p>\n<p>30 y\u0131la yakla\u015fan i\u015f hayat\u0131m\u0131zda ba\u015fta; \u00e7al\u0131\u015fma arkada\u015flar\u0131m\u0131za, m\u00fc\u015fterilerimize ve i\u015f ortaklar\u0131m\u0131za bizlere kazand\u0131rd\u0131klar\u0131 de\u011ferler i\u00e7in te\u015fekk\u00fcrlerimi sunuyorum.<\/p>\t\t\t\t\t\t\t\t<\/div>\n\t\t\t\t<\/div>\n\t\t\t\t\t<\/div>\n\t\t<\/div>\n\t\t\t\t\t<\/div>\n\t\t<\/section>\n\t\t\t\t<section class=\" elementor-section elementor-top-section elementor-element elementor-element-38db9139 elementor-section-height-min-height elementor-section-boxed elementor-section-height-default elementor-section-items-middle\" data-id=\"38db9139\" data-element_type=\"section\" data-e-type=\"section\" data-settings=\"{&quot;background_background&quot;:&quot;classic&quot;}\">\n\t\t\t\t\t\t\t<div class=\"elementor-background-overlay\"><\/div>\n\t\t\t\t\t\t\t<div class=\"elementor-container elementor-column-gap-default\">\n\t\t\t\t\t<div class=\"elementor-column elementor-col-100 elementor-top-column elementor-element elementor-element-5bd2816c\" data-id=\"5bd2816c\" data-element_type=\"column\" data-e-type=\"column\">\n\t\t\t<div class=\"elementor-widget-wrap elementor-element-populated\">\n\t\t\t\t\t\t<div class=\"elementor-element elementor-element-cbc27ae elementor-widget elementor-widget-text-editor\" data-id=\"cbc27ae\" data-element_type=\"widget\" data-e-type=\"widget\" data-widget_type=\"text-editor.default\">\n\t\t\t\t<div class=\"elementor-widget-container\">\n\t\t\t\t\t\t\t\t\t<p>Daha Ya\u015fanabilir, S\u00fcrd\u00fcr\u00fclebilir bir d\u00fcnya\u00a0<\/p>\t\t\t\t\t\t\t\t<\/div>\n\t\t\t\t<\/div>\n\t\t\t\t<div class=\"elementor-element elementor-element-a1345ac elementor-widget__width-inherit elementor-widget elementor-widget-text-editor\" data-id=\"a1345ac\" data-element_type=\"widget\" data-e-type=\"widget\" data-widget_type=\"text-editor.default\">\n\t\t\t\t<div class=\"elementor-widget-container\">\n\t\t\t\t\t\t\t\t\t<h6 class=\"p1\">Bunu ba\u015faracak bilgi birikimine, tecr\u00fcbeye ve teknolojiye sahibiz.\u00a0<\/h6>\t\t\t\t\t\t\t\t<\/div>\n\t\t\t\t<\/div>\n\t\t\t\t\t<\/div>\n\t\t<\/div>\n\t\t\t\t\t<\/div>\n\t\t<\/section>\n\t\t\t\t<\/div>\n\t\t","protected":false},"excerpt":{"rendered":"<p>sky Global Group KURUMSAL Ba\u015fkan Metin Karaku\u015f \u00a0 \u00a0 Sky Global Grup olarak; Uluslararas\u0131 kalk\u0131nma i\u015f birli\u011fi faaliyetleri \u00e7er\u00e7evesinde \u00fclkelerin ekonomik, sosyal ve insani kalk\u0131nma s\u00fcre\u00e7lerini destekleyici, ortak ve k\u00fclt\u00fcrel miras\u0131m\u0131z\u0131 gelece\u011fe ta\u015f\u0131yacak s\u00fcrd\u00fcr\u00fclebilir proje faaliyetleri \u00fczerinde \u00e7al\u0131\u015fmaya, \u00fcretmeye, istihdam sa\u011flamaya devam ediyoruz ve temel prensiplerimize sad\u0131k kalarak kendimizi s\u00fcrekli geli\u015ftiriyoruz. 1995 y\u0131l\u0131ndan g\u00fcn\u00fcm\u00fcze kadar, [&hellip;]<\/p>\n","protected":false},"author":1,"featured_media":0,"parent":0,"menu_order":0,"comment_status":"closed","ping_status":"closed","template":"","meta":{"_monsterinsights_skip_tracking":false,"_monsterinsights_sitenote_active":false,"_monsterinsights_sitenote_note":"","_monsterinsights_sitenote_category":0,"footnotes":""},"class_list":["post-7148","page","type-page","status-publish","hentry"],"acf":[],"aioseo_notices":[],"_links":{"self":[{"href":"https:\/\/skygloballtd.com\/tr\/wp-json\/wp\/v2\/pages\/7148","targetHints":{"allow":["GET"]}}],"collection":[{"href":"https:\/\/skygloballtd.com\/tr\/wp-json\/wp\/v2\/pages"}],"about":[{"href":"https:\/\/skygloballtd.com\/tr\/wp-json\/wp\/v2\/types\/page"}],"author":[{"embeddable":true,"href":"https:\/\/skygloballtd.com\/tr\/wp-json\/wp\/v2\/users\/1"}],"replies":[{"embeddable":true,"href":"https:\/\/skygloballtd.com\/tr\/wp-json\/wp\/v2\/comments?post=7148"}],"version-history":[{"count":134,"href":"https:\/\/skygloballtd.com\/tr\/wp-json\/wp\/v2\/pages\/7148\/revisions"}],"predecessor-version":[{"id":9279,"href":"https:\/\/skygloballtd.com\/tr\/wp-json\/wp\/v2\/pages\/7148\/revisions\/9279"}],"wp:attachment":[{"href":"https:\/\/skygloballtd.com\/tr\/wp-json\/wp\/v2\/media?parent=7148"}],"curies":[{"name":"wp","href":"https:\/\/api.w.org\/{rel}","templated":true}]}}