	{"id":7155,"date":"2022-09-17T11:20:19","date_gmt":"2022-09-17T11:20:19","guid":{"rendered":"http:\/\/www.test.skygloballtd.com\/?page_id=7155"},"modified":"2022-10-23T17:02:40","modified_gmt":"2022-10-23T17:02:40","slug":"insan-kaynaklari","status":"publish","type":"page","link":"https:\/\/skygloballtd.com\/en\/insan-kaynaklari\/","title":{"rendered":"Human Resources"},"content":{"rendered":"<div data-elementor-type=\"wp-page\" data-elementor-id=\"7155\" class=\"elementor elementor-7155\">\n\t\t\t\t\t\t<div class=\"elementor-section elementor-top-section elementor-element elementor-element-611871b elementor-section-full_width elementor-section-height-default elementor-section-height-default\" data-id=\"611871b\" data-element_type=\"section\" data-e-type=\"section\">\n\t\t\t\t\t\t<div class=\"elementor-container elementor-column-gap-default\">\n\t\t\t\t\t<div class=\"elementor-column elementor-col-100 elementor-top-column elementor-element elementor-element-92d8569\" data-id=\"92d8569\" data-element_type=\"column\" data-e-type=\"column\">\n\t\t\t<div class=\"elementor-widget-wrap elementor-element-populated\">\n\t\t\t\t\t\t<div class=\"elementor-element elementor-element-0069e3e elementor-widget elementor-widget-rodio_hero_slider_1\" data-id=\"0069e3e\" data-element_type=\"widget\" data-e-type=\"widget\" data-widget_type=\"rodio_hero_slider_1.default\">\n\t\t\t\t<div class=\"elementor-widget-container\">\n\t\t\t\t\t    <div class=\"hs1\" id=\"hs1-0069e3e726\">\r\n        <!-- slider - start -->\r\n            <div class=\"slider slider-0069e3e995 hs1-content\">\r\n        <div class=\"hs1-content-wrapper\">\r\n            <div class=\"swiper-container\">\r\n                <div class=\"swiper-wrapper\">\r\n\r\n                    <!-- slides - start -->\r\n                                        <div class=\"swiper-slide\">\r\n                        <div class=\"content elementor-repeater-item-247e73e\">\r\n                            <div class=\"hs1-bg\">\r\n                                <img decoding=\"async\" src=\"https:\/\/skygloballtd.com\/wp-content\/uploads\/2022\/09\/about.jpg\" title=\"\" alt=\"\" loading=\"lazy\" \/>                            <\/div>\r\n                            <div class=\"container\">\r\n                                <div class=\"row\">\r\n                                    <div class=\"col-lg-12\">\r\n\r\n                                        <div class=\"content-slide\">\r\n                                                                                            <div class=\"content-slide-inner template\">\r\n                                                                                                    <\/div>\r\n                                                                                    <\/div>\r\n\r\n                                    <\/div>\r\n                                <\/div>\r\n                            <\/div>\r\n                        <\/div>\r\n\r\n                    <\/div>\r\n                                        <!-- slides - end -->\r\n                    \r\n                <\/div>\r\n            <\/div>\r\n                    <\/div>\r\n    <\/div>\r\n        <script>\r\n        'use strict';\r\n\r\n        let el_0069e3e995 = document.querySelector('.slider-0069e3e995 .swiper-container');\r\n\r\n        \/\/ options\r\n        let options_0069e3e995 = {\"loop\":false,\"speed\":2000,\"slidesPerView\":1,\"spaceBetween\":0,\"resizeObserver\":true,\"initialSlide\":0}\r\n        \/\/ slider init\r\n        el_0069e3e995.swiper = new Swiper(\r\n            '.slider-0069e3e995 .swiper-container',\r\n            options_0069e3e995        )\r\n\r\n    <\/script>\r\n        <!-- slider - end -->\r\n    <\/div>\r\n    \t\t\t\t<\/div>\n\t\t\t\t<\/div>\n\t\t\t\t\t<\/div>\n\t\t<\/div>\n\t\t\t\t\t<\/div>\n\t\t<\/div>\n\t\t\t\t<section class=\"elementor-section elementor-top-section elementor-element elementor-element-72520446 elementor-section-content-middle elementor-section-boxed elementor-section-height-default elementor-section-height-default\" data-id=\"72520446\" data-element_type=\"section\" data-e-type=\"section\">\n\t\t\t\t\t\t\t<div class=\"elementor-background-overlay\"><\/div>\n\t\t\t\t\t\t\t<div class=\"elementor-container elementor-column-gap-no\">\n\t\t\t\t\t<div class=\"elementor-column elementor-col-100 elementor-top-column elementor-element elementor-element-4e5f1016\" data-id=\"4e5f1016\" data-element_type=\"column\" data-e-type=\"column\">\n\t\t\t<div class=\"elementor-widget-wrap elementor-element-populated\">\n\t\t\t\t\t\t<div class=\"elementor-element elementor-element-39216f3e elementor-widget elementor-widget-icon-box\" data-id=\"39216f3e\" data-element_type=\"widget\" data-e-type=\"widget\" data-widget_type=\"icon-box.default\">\n\t\t\t\t<div class=\"elementor-widget-container\">\n\t\t\t\t\t\t\t<div class=\"elementor-icon-box-wrapper\">\n\n\t\t\t\n\t\t\t\t\t\t<div class=\"elementor-icon-box-content\">\n\n\t\t\t\t\t\t\t\t\t<h4 class=\"elementor-icon-box-title\">\n\t\t\t\t\t\t<span  >\n\t\t\t\t\t\t\tSKY GLOBAL\t\t\t\t\t\t<\/span>\n\t\t\t\t\t<\/h4>\n\t\t\t\t\n\t\t\t\t\t\t\t\t\t<p class=\"elementor-icon-box-description\">\n\t\t\t\t\t\tHUMAN RESOURCES<br>POLICY\t\t\t\t\t<\/p>\n\t\t\t\t\n\t\t\t<\/div>\n\t\t\t\n\t\t<\/div>\n\t\t\t\t\t\t<\/div>\n\t\t\t\t<\/div>\n\t\t\t\t<div class=\"elementor-element elementor-element-5e29c385 elementor-widget elementor-widget-text-editor\" data-id=\"5e29c385\" data-element_type=\"widget\" data-e-type=\"widget\" data-widget_type=\"text-editor.default\">\n\t\t\t\t<div class=\"elementor-widget-container\">\n\t\t\t\t\t\t\t\t\t<p>Our biggest capital is our human resources. Sky Global Group achieves its goals with the strength it receives from its human resources. It continues on its way with the understanding that mutual trust and respect prevail, participation, diversity and polyphony are supported. One of our main goals is to incorporate qualified human resources in line with the company's culture and to ensure the continuous development and motivation of employees.<\/p>\n<p>The human resources policies of the company, which consists of companies in different sectors and different disciplines, are created in a flexible structure for the special conditions and needs of the companies. Sky Global Group believes that new and creative opportunities can be found through the blending of different perspectives and knowledge.<\/p>\n<p>In this direction, our Human Resources Policy;<\/p>\n<ul>\n<li>It employs the right people for the right job.<\/li>\n<li>Sharing information is essential. Managers at all levels are responsible for educating their staff.<\/li>\n<li>A precise and clear definition of each task is made in order to ensure that all tasks in the organization are performed in the best possible way. The competencies and qualifications required of the personnel who will fulfill this task are determined.<\/li>\n<li>The limits of the powers and responsibilities that the employees at all job levels will have while performing their duties are clearly determined.<\/li>\n<li>Managers at all levels are asked to create a work environment based on love, respect and trust between them and the personnel in their departments.<\/li>\n<li>Filling the vacancies within the company with trained personnel from within the group is accepted as a basic principle.<\/li>\n<li>Employee; In line with their education, knowledge, experience and abilities, all opportunities of the group are utilized according to fair and objective measures.<\/li>\n<li>All personnel in the company are obliged to complete their duties during working hours, and it is our general principle to apply for overtime in case of accidental and compulsory situations.<\/li>\n<li>Necessary importance is given to internal communication as a function that provides speed and efficiency in business.<\/li>\n<li>With the belief that new creative ideas \/ opportunities can be captured by blending different perspectives and knowledge, suggestions, opinions and ideas from all employees are carefully monitored and evaluated.<\/li>\n<li>It is believed that training is necessary and beneficial for personnel at all levels, as a factor that increases productivity and motivation in the work done.<\/li>\n<\/ul>\t\t\t\t\t\t\t\t<\/div>\n\t\t\t\t<\/div>\n\t\t\t\t\t<\/div>\n\t\t<\/div>\n\t\t\t\t\t<\/div>\n\t\t<\/section>\n\t\t\t\t<\/div>","protected":false},"excerpt":{"rendered":"<p>SKY GLOBAL \u0130NSAN KAYNAKLARIPOL\u0130T\u0130KALARIMIZ En b\u00fcy\u00fck sermayemiz insan kayna\u011f\u0131m\u0131zd\u0131r. Sky Global Grubu hedeflerini, sahip oldu\u011fu insan kaynaklar\u0131ndan ald\u0131\u011f\u0131 g\u00fc\u00e7le ger\u00e7ekle\u015ftirir. Kar\u015f\u0131l\u0131kl\u0131 g\u00fcven ve sayg\u0131n\u0131n hakim oldu\u011fu, kat\u0131l\u0131m\u0131n, \u00e7e\u015fitlili\u011fin ve \u00e7ok seslili\u011fin desteklendi\u011fi anlay\u0131\u015fla yoluna devam etmektedir. \u015eirketin k\u00fclt\u00fcr\u00fcne uygun nitelikli insan kayna\u011f\u0131n\u0131 b\u00fcnyeye katmak, \u00e7al\u0131\u015fanlar\u0131n s\u00fcrekli geli\u015fim ve motivasyonunu sa\u011flamak ana hedeflerimizden biridir. Farkl\u0131 sekt\u00f6rlerde [&hellip;]<\/p>","protected":false},"author":1,"featured_media":0,"parent":0,"menu_order":0,"comment_status":"closed","ping_status":"closed","template":"","meta":{"_monsterinsights_skip_tracking":false,"_monsterinsights_sitenote_active":false,"_monsterinsights_sitenote_note":"","_monsterinsights_sitenote_category":0,"footnotes":""},"class_list":["post-7155","page","type-page","status-publish","hentry"],"acf":[],"aioseo_notices":[],"_links":{"self":[{"href":"https:\/\/skygloballtd.com\/en\/wp-json\/wp\/v2\/pages\/7155","targetHints":{"allow":["GET"]}}],"collection":[{"href":"https:\/\/skygloballtd.com\/en\/wp-json\/wp\/v2\/pages"}],"about":[{"href":"https:\/\/skygloballtd.com\/en\/wp-json\/wp\/v2\/types\/page"}],"author":[{"embeddable":true,"href":"https:\/\/skygloballtd.com\/en\/wp-json\/wp\/v2\/users\/1"}],"replies":[{"embeddable":true,"href":"https:\/\/skygloballtd.com\/en\/wp-json\/wp\/v2\/comments?post=7155"}],"version-history":[{"count":52,"href":"https:\/\/skygloballtd.com\/en\/wp-json\/wp\/v2\/pages\/7155\/revisions"}],"predecessor-version":[{"id":9225,"href":"https:\/\/skygloballtd.com\/en\/wp-json\/wp\/v2\/pages\/7155\/revisions\/9225"}],"wp:attachment":[{"href":"https:\/\/skygloballtd.com\/en\/wp-json\/wp\/v2\/media?parent=7155"}],"curies":[{"name":"wp","href":"https:\/\/api.w.org\/{rel}","templated":true}]}}