	{"id":5150,"date":"2022-06-23T03:56:52","date_gmt":"2022-06-23T03:56:52","guid":{"rendered":"http:\/\/gfxpartner.com\/rodio\/?page_id=5150"},"modified":"2022-09-30T09:20:13","modified_gmt":"2022-09-30T09:20:13","slug":"sektorlerim","status":"publish","type":"page","link":"http:\/\/skygloballtd.com\/tr\/sektorlerim\/","title":{"rendered":"Sekt\u00f6rlerimiz"},"content":{"rendered":"\t\t<div data-elementor-type=\"wp-page\" data-elementor-id=\"5150\" class=\"elementor elementor-5150\">\n\t\t\t\t\t\t<div class=\" elementor-section elementor-top-section elementor-element elementor-element-ceca1c5 animated-slow elementor-section-boxed elementor-section-height-default elementor-section-height-default elementor-invisible\" data-id=\"ceca1c5\" data-element_type=\"section\" data-e-type=\"section\" data-settings=\"{&quot;animation&quot;:&quot;fadeInUp&quot;}\">\n\t\t\t\t\t\t<div class=\"elementor-container elementor-column-gap-default\">\n\t\t\t\t\t<div class=\"elementor-column elementor-col-100 elementor-top-column elementor-element elementor-element-520a32b\" data-id=\"520a32b\" data-element_type=\"column\" data-e-type=\"column\" data-settings=\"{&quot;background_background&quot;:&quot;classic&quot;}\">\n\t\t\t<div class=\"elementor-widget-wrap elementor-element-populated\">\n\t\t\t\t\t\t<div class=\"elementor-element elementor-element-178dad7 elementor-widget__width-initial elementor-widget elementor-widget-rodio_projects\" data-id=\"178dad7\" data-element_type=\"widget\" data-e-type=\"widget\" data-widget_type=\"rodio_projects.default\">\n\t\t\t\t<div class=\"elementor-widget-container\">\n\t\t\t\t\t        <div class=\"project-list\">\r\n                    <div class=\"project-list-wrapper\" data-max=\"0\" data-nonce=\"951f998f29\">\r\n            <div \r\n            class=\"row row-masonry gx-5 gy-4 project-list-inner\" \r\n            data-masonry-options='{ \"percentPosition\": true, \"horizontalOrder\": true }'>\r\n                            <\/div>\r\n                    <\/div>\r\n            <\/div>\r\n    \t\t\t\t<\/div>\n\t\t\t\t<\/div>\n\t\t\t\t\t<\/div>\n\t\t<\/div>\n\t\t\t\t\t<\/div>\n\t\t<\/div>\n\t\t\t\t<\/div>\n\t\t","protected":false},"excerpt":{"rendered":"<p>Faaliyetlerimiz Seher G\u00fcl Orman \u00dcr\u00fcnleri Teknolojileri Faaliyetlerimiz Maden Grubu Faaliyetlerimiz 3 Boyutlu Bask\u0131 Hizmeti<\/p>\n","protected":false},"author":1,"featured_media":0,"parent":0,"menu_order":0,"comment_status":"closed","ping_status":"closed","template":"","meta":{"_monsterinsights_skip_tracking":false,"_monsterinsights_sitenote_active":false,"_monsterinsights_sitenote_note":"","_monsterinsights_sitenote_category":0,"footnotes":""},"class_list":["post-5150","page","type-page","status-publish","hentry"],"acf":[],"aioseo_notices":[],"_links":{"self":[{"href":"http:\/\/skygloballtd.com\/tr\/wp-json\/wp\/v2\/pages\/5150","targetHints":{"allow":["GET"]}}],"collection":[{"href":"http:\/\/skygloballtd.com\/tr\/wp-json\/wp\/v2\/pages"}],"about":[{"href":"http:\/\/skygloballtd.com\/tr\/wp-json\/wp\/v2\/types\/page"}],"author":[{"embeddable":true,"href":"http:\/\/skygloballtd.com\/tr\/wp-json\/wp\/v2\/users\/1"}],"replies":[{"embeddable":true,"href":"http:\/\/skygloballtd.com\/tr\/wp-json\/wp\/v2\/comments?post=5150"}],"version-history":[{"count":64,"href":"http:\/\/skygloballtd.com\/tr\/wp-json\/wp\/v2\/pages\/5150\/revisions"}],"predecessor-version":[{"id":7845,"href":"http:\/\/skygloballtd.com\/tr\/wp-json\/wp\/v2\/pages\/5150\/revisions\/7845"}],"wp:attachment":[{"href":"http:\/\/skygloballtd.com\/tr\/wp-json\/wp\/v2\/media?parent=5150"}],"curies":[{"name":"wp","href":"https:\/\/api.w.org\/{rel}","templated":true}]}}